{"id":1061,"date":"2025-02-06T23:23:17","date_gmt":"2025-02-06T23:23:17","guid":{"rendered":"http:\/\/gloocal.com.tr\/?page_id=1061"},"modified":"2025-02-24T19:08:18","modified_gmt":"2025-02-24T19:08:18","slug":"iletisim","status":"publish","type":"page","link":"http:\/\/gloocal.com.tr\/en\/iletisim\/","title":{"rendered":"contact"},"content":{"rendered":"<div class=\"row row-collapse row-full-width\"  id=\"row-208028372\">\n\n\t<div id=\"col-1053157562\" class=\"col small-12 large-12\"  >\n\t\t\t\t<div class=\"col-inner\"  >\n\t\t\t\n\t\t\t\n\n\t<section class=\"section\" id=\"section_332551253\">\n\t\t<div class=\"section-bg fill\" >\n\t\t\t<img fetchpriority=\"high\" decoding=\"async\" width=\"1536\" height=\"701\" src=\"https:\/\/gloocal.com.tr\/wp-content\/uploads\/2025\/02\/closeup-photo-male-hands-with-smartphone-1536x701.jpg\" class=\"bg attachment-1536x1536 size-1536x1536\" alt=\"\" \/>\t\t\t\t\t\t<div class=\"section-bg-overlay absolute fill\"><\/div>\n\t\t\t\n\n\t\t<\/div>\n\n\t\t\n\n\t\t<div class=\"section-content relative\">\n\t\t\t\n<div class=\"row row-collapse align-center\" style=\"max-width:\" id=\"row-2093431867\">\n\n\t<div id=\"col-677805967\" class=\"col small-12 large-12\"  >\n\t\t\t\t<div class=\"col-inner text-center dark\"  >\n\t\t\t\n\t\t\t\n<h2 class=\"uppercase\"><span style=\"font-size: 160%;\">contact<\/span><\/h2>\n\t\t<\/div>\n\t\t\t\t\n<style>\n#col-677805967 > .col-inner {\n  padding: 100px 20px 200px 0px;\n}\n@media (min-width:550px) {\n  #col-677805967 > .col-inner {\n    padding: 100px 0px 200px 0px;\n  }\n}\n<\/style>\n\t<\/div>\n\n\t\n<\/div>\n\t\t<\/div>\n\n\t\t\n<style>\n#section_332551253 {\n  padding-top: 0px;\n  padding-bottom: 0px;\n  min-height: 0px;\n  background-color: #4d5ca0;\n}\n#section_332551253 .section-bg-overlay {\n  background-color: rgba(0, 0, 0, 0.12);\n}\n#section_332551253 .section-bg img {\n  object-position: 41% 100%;\n}\n@media (min-width:550px) {\n  #section_332551253 {\n    padding-top: 0px;\n    padding-bottom: 0px;\n  }\n  #section_332551253 .section-bg-overlay {\n    background-color: rgba(0, 0, 0, 0.21);\n  }\n}\n@media (min-width:850px) {\n  #section_332551253 {\n    padding-top: 100px;\n    padding-bottom: 100px;\n  }\n  #section_332551253 .section-bg-overlay {\n    background-color: rgba(0, 0, 0, 0.12);\n  }\n}\n<\/style>\n\t<\/section>\n\t\n\t\t<\/div>\n\t\t\t\t\n<style>\n#col-1053157562 > .col-inner {\n  padding: 0px 0px 0px 0px;\n}\n<\/style>\n\t<\/div>\n\n\t\n<\/div>\n<div class=\"row row-large\" style=\"max-width:1200px\" id=\"row-703779783\">\n\n\t<div id=\"col-1703527288\" class=\"col small-12 large-12\"  >\n\t\t\t\t<div class=\"col-inner\" style=\"background-color:rgb(18, 19, 20);\" >\n\t\t\t\n\t\t\t\n<div class=\"row row-collapse row-full-width\"  id=\"row-1839359126\">\n\n\t<div id=\"col-1694687010\" class=\"col medium-12 small-12 large-6\"  >\n\t\t\t\t<div class=\"col-inner\"  >\n\t\t\t\n\t\t\t\n<h2><span style=\"font-size: 120%;\">\u0130stanbul \u015eube<br \/><\/span><span style=\"color: #c0c0c0; font-size: 95%;\">Gloocal D\u0131\u015f Tic. Ltd. \u015eti.<\/span><\/h2>\n\t<div id=\"gap-573535690\" class=\"gap-element clearfix\" style=\"display:block; height:auto;\">\n\t\t\n<style>\n#gap-573535690 {\n  padding-top: 20px;\n}\n@media (min-width:550px) {\n  #gap-573535690 {\n    padding-top: 20px;\n  }\n}\n@media (min-width:850px) {\n  #gap-573535690 {\n    padding-top: 10px;\n  }\n}\n<\/style>\n\t<\/div>\n\t\n<div class=\"row row-collapse\"  id=\"row-647953408\">\n\n\t<div id=\"col-1962443945\" class=\"col medium-6 small-12 large-6\"  >\n\t\t\t\t<div class=\"col-inner\"  >\n\t\t\t\n\t\t\t\n\t<div id=\"text-4136185724\" class=\"text\">\n\t\t\n<h3 class=\"uppercase\"><span style=\"font-size: 80%; color: #c0c0c0;\">Istanbul Address<\/span><\/h3>\n<p><span style=\"font-size: 90%;\">Kartaltepe Mah. 66. Sk. No: 2\/C Bayrampa\u015fa\/\u0130stanbul<\/span><\/p>\n\t\t\n<style>\n#text-4136185724 {\n  line-height: 1.25;\n}\n<\/style>\n\t<\/div>\n\t\n\t\t<\/div>\n\t\t\t\t\t<\/div>\n\n\t\n\n\t<div id=\"col-673743150\" class=\"col medium-5 small-12 large-6\"  >\n\t\t\t\t<div class=\"col-inner\"  >\n\t\t\t\n\t\t\t\n\t<div id=\"text-3639745799\" class=\"text\">\n\t\t\n<h3 class=\"uppercase\"><span style=\"font-size: 80%; color: #c0c0c0;\">Working Hours<\/span><\/h3>\n<p><span style=\"font-size: 90%;\">Hafta \u0130\u00e7i: 09:00 &#8211; 17:00<\/span><br \/><span style=\"font-size: 90%;\">Cumartesi: 09:00 &#8211; 17:00<\/span><\/p>\n\t\t\n<style>\n#text-3639745799 {\n  line-height: 1.25;\n}\n<\/style>\n\t<\/div>\n\t\n\t\t<\/div>\n\t\t\t\t\t<\/div>\n\n\t\n<\/div>\n<div class=\"row row-collapse\"  id=\"row-173336614\">\n\n\t<div id=\"col-1311312574\" class=\"col medium-6 small-12 large-6\"  >\n\t\t\t\t<div class=\"col-inner\"  >\n\t\t\t\n\t\t\t\n\t<div id=\"text-1165446876\" class=\"text\">\n\t\t\n<h3 class=\"uppercase\"><span style=\"color: #c0c0c0; font-size: 80%;\">E-mail<\/span><\/h3>\n<p><span style=\"font-size: 90%;\"><a href=\"mailto:fatih.bulut@gloocal.com.tr\">fatih.bulut@gloocal.com.tr<\/a><br \/><\/span><span style=\"font-size: 90%;\"><a href=\"mailto:levent.sevinc@gloocal.com.tr\">levent.sevinc@gloocal.com.tr<\/a><\/span><\/p>\n\t\t\n<style>\n#text-1165446876 {\n  line-height: 1.25;\n}\n<\/style>\n\t<\/div>\n\t\n\t\t<\/div>\n\t\t\t\t\t<\/div>\n\n\t\n\n\t<div id=\"col-1720001963\" class=\"col medium-6 small-12 large-6\"  >\n\t\t\t\t<div class=\"col-inner\"  >\n\t\t\t\n\t\t\t\n\t<div id=\"text-1164451251\" class=\"text\">\n\t\t\n<h3 class=\"uppercase\"><span style=\"font-size: 80%; color: #c0c0c0;\">Phone<\/span><\/h3>\n<p><span style=\"font-size: 90%;\">+90 544 402 16 05<\/span><\/p>\n\t\t\n<style>\n#text-1164451251 {\n  line-height: 1.25;\n}\n<\/style>\n\t<\/div>\n\t\n\t\t<\/div>\n\t\t\t\t\t<\/div>\n\n\t\n<\/div>\n\t\t<\/div>\n\t\t\t\t\n<style>\n#col-1694687010 > .col-inner {\n  padding: 0px 0px 0px 20px;\n  margin: 0px 0px 0px 0px;\n}\n<\/style>\n\t<\/div>\n\n\t\n\n\t<div id=\"col-489740622\" class=\"col medium-12 small-12 large-6\"  >\n\t\t\t\t<div class=\"col-inner\"  >\n\t\t\t\n\t<div class=\"is-border\"\n\t\tstyle=\"border-width:0px 0px 0px 2px;margin:0px 0px 0px -20px;\">\n\t<\/div>\n\t\t\t\n<h2><span style=\"font-size: 120%;\">Ege \u015eube<\/span><br \/><span style=\"font-size: 95%; color: #c0c0c0;\">Gloocal G\u0131da San. ve Tic. Ltd. \u015eti.<\/span><\/h2>\n\t<div id=\"gap-663793155\" class=\"gap-element clearfix\" style=\"display:block; height:auto;\">\n\t\t\n<style>\n#gap-663793155 {\n  padding-top: 20px;\n}\n@media (min-width:550px) {\n  #gap-663793155 {\n    padding-top: 20px;\n  }\n}\n@media (min-width:850px) {\n  #gap-663793155 {\n    padding-top: 10px;\n  }\n}\n<\/style>\n\t<\/div>\n\t\n<div class=\"row row-collapse\"  id=\"row-1741596302\">\n\n\t<div id=\"col-2053295597\" class=\"col medium-6 small-12 large-6\"  >\n\t\t\t\t<div class=\"col-inner\"  >\n\t\t\t\n\t\t\t\n\t<div id=\"text-4007199652\" class=\"text\">\n\t\t\n<h3 class=\"uppercase\"><span style=\"color: #c0c0c0; font-size: 80%;\">Ege Address<\/span><\/h3>\n<p><span style=\"font-size: 90%;\">G\u00fczelyurt Mah. 5781 Sk. No:6\/A Yunusemre\/Manisa<\/span><\/p>\n\t\t\n<style>\n#text-4007199652 {\n  line-height: 1.25;\n}\n<\/style>\n\t<\/div>\n\t\n\t\t<\/div>\n\t\t\t\t\t<\/div>\n\n\t\n\n\t<div id=\"col-1967154299\" class=\"col medium-5 small-12 large-6\"  >\n\t\t\t\t<div class=\"col-inner\"  >\n\t\t\t\n\t\t\t\n\t<div id=\"text-3425385549\" class=\"text\">\n\t\t\n<h3 class=\"uppercase\"><span style=\"font-size: 80%; color: #c0c0c0;\">Working Hours<\/span><\/h3>\n<p><span style=\"font-size: 90%;\">Hafta \u0130\u00e7i: 09:00 &#8211; 17:00<\/span><br \/><span style=\"font-size: 90%;\">Cumartesi: 09:00 &#8211; 17:00<\/span><\/p>\n\t\t\n<style>\n#text-3425385549 {\n  line-height: 1.25;\n}\n<\/style>\n\t<\/div>\n\t\n\t\t<\/div>\n\t\t\t\t\t<\/div>\n\n\t\n<\/div>\n<div class=\"row row-collapse\"  id=\"row-1995155046\">\n\n\t<div id=\"col-1135471281\" class=\"col medium-6 small-12 large-6\"  >\n\t\t\t\t<div class=\"col-inner\"  >\n\t\t\t\n\t\t\t\n\t<div id=\"text-3576408808\" class=\"text\">\n\t\t\n<h3 class=\"uppercase\"><span style=\"color: #c0c0c0; font-size: 80%;\">E-mail<\/span><\/h3>\n<p><span style=\"font-size: 90%;\"><a href=\"mailto:serdal.ruzgar@gloocal.com.tr\">serdal.ruzgar@gloocal.com.tr<\/a><\/span><\/p>\n\t\t\n<style>\n#text-3576408808 {\n  line-height: 1.25;\n}\n<\/style>\n\t<\/div>\n\t\n\t\t<\/div>\n\t\t\t\t\t<\/div>\n\n\t\n\n\t<div id=\"col-1480579339\" class=\"col medium-6 small-12 large-6\"  >\n\t\t\t\t<div class=\"col-inner\"  >\n\t\t\t\n\t\t\t\n\t<div id=\"text-1206594617\" class=\"text\">\n\t\t\n<h3 class=\"uppercase\"><span style=\"font-size: 80%; color: #c0c0c0;\">Phone<\/span><\/h3>\n<p><span style=\"font-size: 90%;\">+90 549 870 05 65<\/span><\/p>\n\t\t\n<style>\n#text-1206594617 {\n  line-height: 1.25;\n}\n<\/style>\n\t<\/div>\n\t\n\t\t<\/div>\n\t\t\t\t\t<\/div>\n\n\t\n<\/div>\n\t\t<\/div>\n\t\t\t\t\n<style>\n#col-489740622 > .col-inner {\n  padding: 20px 0px 0px 20px;\n  margin: 0px 0px 0px 0px;\n}\n<\/style>\n\t<\/div>\n\n\t\n\n<style>\n#row-1839359126 > .col > .col-inner {\n  padding: 0px 15px 0px 15px;\n}\n<\/style>\n<\/div>\n\t\t<\/div>\n\t\t\t\t\n<style>\n#col-1703527288 > .col-inner {\n  padding: 50px 20px 0px 20px;\n  margin: -0 0px 0px 0px;\n}\n@media (min-width:550px) {\n  #col-1703527288 > .col-inner {\n    padding: 50px 20px 30px 20px;\n    margin: 0 0px 0px 0px;\n  }\n}\n@media (min-width:850px) {\n  #col-1703527288 > .col-inner {\n    padding: 66px 5% 16px 5%;\n    margin: -135px 0px 0px 0px;\n  }\n}\n<\/style>\n\t<\/div>\n\n\t\n\n<style>\n#row-703779783 > .col > .col-inner {\n  padding: 40px 40px 40px 40px;\n}\n<\/style>\n<\/div>\n<div class=\"row row-collapse row-full-width align-middle align-center\"  id=\"row-1301467312\">\n\n\t<div id=\"col-1129670808\" class=\"col medium-12 small-12 large-6\"  >\n\t\t\t\t<div class=\"col-inner\"  >\n\t\t\t\n\t\t\t\n\n<p><iframe src=\"https:\/\/www.google.com\/maps\/embed?pb=!1m18!1m12!1m3!1d3008.4620528984924!2d28.896228176553894!3d41.058891716306036!2m3!1f0!2f0!3f0!3m2!1i1024!2i768!4f13.1!3m3!1m2!1s0x14cab07bc6cc4395%3A0x8d782b7da7bd72c7!2sKartaltepe%20Mh.%2C%2068.%20Sk.%20No%3A2%20D%3Ac%2C%2034040%20Bayrampa%C5%9Fa%2F%C4%B0stanbul!5e0!3m2!1str!2str!4v1740423105034!5m2!1str!2str\" width=\"3840\" height=\"450\" style=\"border:0;\" allowfullscreen=\"\" loading=\"lazy\" referrerpolicy=\"no-referrer-when-downgrade\"><\/iframe><br \/>\n\n\t\t<\/div>\n\t\t\t\t\n<style>\n#col-1129670808 > .col-inner {\n  padding: 0px 0px 0px 20px;\n}\n<\/style>\n\t<\/div>\n\n\t\n\n\t<div id=\"col-725378486\" class=\"col medium-6 small-12 large-6\"  >\n\t\t\t\t<div class=\"col-inner\"  >\n\t\t\t\n\t\t\t\n\n<p><iframe src=\"https:\/\/www.google.com\/maps\/embed?pb=!1m18!1m12!1m3!1d779.2264207587407!2d27.37562494123634!3d38.62805077328156!2m3!1f0!2f0!3f0!3m2!1i1024!2i768!4f13.1!3m3!1m2!1s0x14b99cb9be18b839%3A0xd152fd5179f02db1!2sG%C3%BCzelyurt%2C%205781.%20Sk%20No%3A6%2C%2045030%20Yunusemre%2FManisa!5e0!3m2!1str!2str!4v1740423505769!5m2!1str!2str\" width=\"3840\" height=\"450\" style=\"border:0;\" allowfullscreen=\"\" loading=\"lazy\" referrerpolicy=\"no-referrer-when-downgrade\"><\/iframe><br \/>\n\n\t\t<\/div>\n\t\t\t\t\n<style>\n#col-725378486 > .col-inner {\n  padding: 0px 0px 0px 0px;\n}\n<\/style>\n\t<\/div>\n\n\t\n<\/div>","protected":false},"excerpt":{"rendered":"","protected":false},"author":1,"featured_media":0,"parent":0,"menu_order":0,"comment_status":"closed","ping_status":"closed","template":"page-transparent-header-light.php","meta":{"footnotes":""},"class_list":["post-1061","page","type-page","status-publish","hentry"],"yoast_head":"<!-- This site is optimized with the Yoast SEO plugin v23.9 - https:\/\/yoast.com\/wordpress\/plugins\/seo\/ -->\n<title>\u0130leti\u015fim - Gloocal Foods<\/title>\n<meta name=\"robots\" content=\"index, follow, max-snippet:-1, max-image-preview:large, max-video-preview:-1\" \/>\n<link rel=\"canonical\" href=\"https:\/\/gloocal.com.tr\/en\/iletisim\/\" \/>\n<meta property=\"og:locale\" content=\"en_US\" \/>\n<meta property=\"og:type\" content=\"article\" \/>\n<meta property=\"og:title\" content=\"\u0130leti\u015fim - Gloocal Foods\" \/>\n<meta property=\"og:url\" content=\"https:\/\/gloocal.com.tr\/en\/iletisim\/\" \/>\n<meta property=\"og:site_name\" content=\"Gloocal Foods\" \/>\n<meta property=\"article:modified_time\" content=\"2025-02-24T19:08:18+00:00\" \/>\n<meta name=\"twitter:card\" content=\"summary_large_image\" \/>\n<meta name=\"twitter:label1\" content=\"Est. reading time\" \/>\n\t<meta name=\"twitter:data1\" content=\"2 minutes\" \/>\n<script type=\"application\/ld+json\" class=\"yoast-schema-graph\">{\"@context\":\"https:\/\/schema.org\",\"@graph\":[{\"@type\":\"WebPage\",\"@id\":\"https:\/\/gloocal.com.tr\/iletisim\/\",\"url\":\"https:\/\/gloocal.com.tr\/iletisim\/\",\"name\":\"\u0130leti\u015fim - Gloocal Foods\",\"isPartOf\":{\"@id\":\"https:\/\/gloocal.com.tr\/en\/#website\"},\"datePublished\":\"2025-02-06T23:23:17+00:00\",\"dateModified\":\"2025-02-24T19:08:18+00:00\",\"breadcrumb\":{\"@id\":\"https:\/\/gloocal.com.tr\/iletisim\/#breadcrumb\"},\"inLanguage\":\"en-US\",\"potentialAction\":[{\"@type\":\"ReadAction\",\"target\":[\"https:\/\/gloocal.com.tr\/iletisim\/\"]}]},{\"@type\":\"BreadcrumbList\",\"@id\":\"https:\/\/gloocal.com.tr\/iletisim\/#breadcrumb\",\"itemListElement\":[{\"@type\":\"ListItem\",\"position\":1,\"name\":\"Anasayfa\",\"item\":\"https:\/\/gloocal.com.tr\/en\/\"},{\"@type\":\"ListItem\",\"position\":2,\"name\":\"\u0130leti\u015fim\"}]},{\"@type\":\"WebSite\",\"@id\":\"https:\/\/gloocal.com.tr\/en\/#website\",\"url\":\"https:\/\/gloocal.com.tr\/en\/\",\"name\":\"Gloocal Foods\",\"description\":\"Dondurulmu\u015f G\u0131da\",\"potentialAction\":[{\"@type\":\"SearchAction\",\"target\":{\"@type\":\"EntryPoint\",\"urlTemplate\":\"https:\/\/gloocal.com.tr\/en\/?s={search_term_string}\"},\"query-input\":{\"@type\":\"PropertyValueSpecification\",\"valueRequired\":true,\"valueName\":\"search_term_string\"}}],\"inLanguage\":\"en-US\"}]}<\/script>\n<!-- \/ Yoast SEO plugin. -->","yoast_head_json":{"title":"\u0130leti\u015fim - Gloocal Foods","robots":{"index":"index","follow":"follow","max-snippet":"max-snippet:-1","max-image-preview":"max-image-preview:large","max-video-preview":"max-video-preview:-1"},"canonical":"https:\/\/gloocal.com.tr\/en\/iletisim\/","og_locale":"en_US","og_type":"article","og_title":"\u0130leti\u015fim - Gloocal Foods","og_url":"https:\/\/gloocal.com.tr\/en\/iletisim\/","og_site_name":"Gloocal Foods","article_modified_time":"2025-02-24T19:08:18+00:00","twitter_card":"summary_large_image","twitter_misc":{"Est. reading time":"2 minutes"},"schema":{"@context":"https:\/\/schema.org","@graph":[{"@type":"WebPage","@id":"https:\/\/gloocal.com.tr\/iletisim\/","url":"https:\/\/gloocal.com.tr\/iletisim\/","name":"\u0130leti\u015fim - Gloocal Foods","isPartOf":{"@id":"https:\/\/gloocal.com.tr\/en\/#website"},"datePublished":"2025-02-06T23:23:17+00:00","dateModified":"2025-02-24T19:08:18+00:00","breadcrumb":{"@id":"https:\/\/gloocal.com.tr\/iletisim\/#breadcrumb"},"inLanguage":"en-US","potentialAction":[{"@type":"ReadAction","target":["https:\/\/gloocal.com.tr\/iletisim\/"]}]},{"@type":"BreadcrumbList","@id":"https:\/\/gloocal.com.tr\/iletisim\/#breadcrumb","itemListElement":[{"@type":"ListItem","position":1,"name":"Anasayfa","item":"https:\/\/gloocal.com.tr\/en\/"},{"@type":"ListItem","position":2,"name":"\u0130leti\u015fim"}]},{"@type":"WebSite","@id":"https:\/\/gloocal.com.tr\/en\/#website","url":"https:\/\/gloocal.com.tr\/en\/","name":"Gloocal Foods","description":"Dondurulmu\u015f G\u0131da","potentialAction":[{"@type":"SearchAction","target":{"@type":"EntryPoint","urlTemplate":"https:\/\/gloocal.com.tr\/en\/?s={search_term_string}"},"query-input":{"@type":"PropertyValueSpecification","valueRequired":true,"valueName":"search_term_string"}}],"inLanguage":"en-US"}]}},"_links":{"self":[{"href":"http:\/\/gloocal.com.tr\/en\/wp-json\/wp\/v2\/pages\/1061","targetHints":{"allow":["GET"]}}],"collection":[{"href":"http:\/\/gloocal.com.tr\/en\/wp-json\/wp\/v2\/pages"}],"about":[{"href":"http:\/\/gloocal.com.tr\/en\/wp-json\/wp\/v2\/types\/page"}],"author":[{"embeddable":true,"href":"http:\/\/gloocal.com.tr\/en\/wp-json\/wp\/v2\/users\/1"}],"replies":[{"embeddable":true,"href":"http:\/\/gloocal.com.tr\/en\/wp-json\/wp\/v2\/comments?post=1061"}],"version-history":[{"count":0,"href":"http:\/\/gloocal.com.tr\/en\/wp-json\/wp\/v2\/pages\/1061\/revisions"}],"wp:attachment":[{"href":"http:\/\/gloocal.com.tr\/en\/wp-json\/wp\/v2\/media?parent=1061"}],"curies":[{"name":"wp","href":"https:\/\/api.w.org\/{rel}","templated":true}]}}