{"id":1371,"date":"2025-02-17T23:44:50","date_gmt":"2025-02-17T23:44:50","guid":{"rendered":"https:\/\/gloocal.com.tr\/?post_type=product&#038;p=1371"},"modified":"2025-02-21T14:30:07","modified_gmt":"2025-02-21T14:30:07","slug":"mono-beyaz-profiterollu","status":"publish","type":"product","link":"http:\/\/gloocal.com.tr\/en\/product\/mono-beyaz-profiterollu\/","title":{"rendered":"Beyaz Profiteroll\u00fc Mono Pasta"},"content":{"rendered":"<p>You can elevate the flavor of your cheesecake or cake by serving it on an elegant plate, accompanied by fruit sauce, fresh fruits, crunchy hazelnuts or almonds, ice cream or whipped cream, along with a cup of coffee or tea.<\/p>\n\n<div class=\"\u00dcr\u00fcn De\u011ferleri\">\n<table class=\"urun-degerler-table\">\n<thead>\n<tr>\n<th class=\"tooltip\" title=\"Diameter\">Piece in the Box<\/th>\n<th class=\"tooltip\" title=\"A\u011f\u0131rl\u0131k\">Weight<\/th>\n<th class=\"tooltip\" title=\"Koli \u0130\u00e7i\">Inside the box<\/th>\n<th class=\"tooltip\" title=\"code\">storage condition<\/th>\n<th class=\"tooltip\" title=\"code\">storage life<\/th>\n<th class=\"tooltip\" title=\"code\">code<\/th>\n<\/tr>\n<\/thead>\n<tbody>\n<tr>\n<td>0<\/td>\n<td>1500 gr<\/td>\n<td>12<\/td>\n<td>-18 \u00b0C<\/td>\n<td>1 Y\u0131l<\/td>\n<td>MY026<\/td>\n<\/tr>\n<\/tbody>\n<\/table>\n<p><!-- \/.size-guide-table --><\/p>\n<\/div>\n<p><!-- \/.size-guide --><\/p>\n<p><small>Bu \u00fcr\u00fcn de\u011ferleri Mono Beyaz Profiteroll\u00fc i\u00e7in ge\u00e7erlidir.<\/small><br \/>","protected":false},"excerpt":{"rendered":"<p>Yumu\u015fac\u0131k profiterol toplar\u0131n\u0131n beyaz \u00e7ikolata ile bulu\u015ftu\u011fu, her lokmada tatl\u0131 bir \u015f\u00f6len sunan enfes bir lezzet!<\/p>","protected":false},"featured_media":1373,"template":"","meta":[],"product_brand":[],"product_cat":[90],"product_tag":[106,97,96,117,99],"class_list":{"0":"post-1371","1":"product","2":"type-product","3":"status-publish","4":"has-post-thumbnail","6":"product_cat-pastalar-tatlilar","7":"product_tag-cheesecake","8":"product_tag-donuk","9":"product_tag-frozen","10":"product_tag-mono","11":"product_tag-pasta","13":"first","14":"instock","15":"shipping-taxable","16":"product-type-external"},"yoast_head":"<!-- This site is optimized with the Yoast SEO plugin v23.9 - https:\/\/yoast.com\/wordpress\/plugins\/seo\/ -->\n<title>Beyaz Profiteroll\u00fc Mono Pasta - Gloocal Foods<\/title>\n<meta name=\"robots\" content=\"index, follow, max-snippet:-1, max-image-preview:large, max-video-preview:-1\" \/>\n<link rel=\"canonical\" href=\"https:\/\/gloocal.com.tr\/en\/product\/mono-beyaz-profiterollu\/\" \/>\n<meta property=\"og:locale\" content=\"en_US\" \/>\n<meta property=\"og:type\" content=\"article\" \/>\n<meta property=\"og:title\" content=\"Beyaz Profiteroll\u00fc Mono Pasta - Gloocal Foods\" \/>\n<meta property=\"og:description\" content=\"Yumu\u015fac\u0131k profiterol toplar\u0131n\u0131n beyaz \u00e7ikolata ile bulu\u015ftu\u011fu, her lokmada tatl\u0131 bir \u015f\u00f6len sunan enfes bir lezzet!\" \/>\n<meta property=\"og:url\" content=\"https:\/\/gloocal.com.tr\/en\/product\/mono-beyaz-profiterollu\/\" \/>\n<meta property=\"og:site_name\" content=\"Gloocal Foods\" \/>\n<meta property=\"article:modified_time\" content=\"2025-02-21T14:30:07+00:00\" \/>\n<meta property=\"og:image\" content=\"https:\/\/gloocal.com.tr\/wp-content\/uploads\/2025\/02\/Mono-Beyaz-Profiterollu-bgchange.jpg\" \/>\n\t<meta property=\"og:image:width\" content=\"1200\" \/>\n\t<meta property=\"og:image:height\" content=\"900\" \/>\n\t<meta property=\"og:image:type\" content=\"image\/jpeg\" \/>\n<meta name=\"twitter:card\" content=\"summary_large_image\" \/>\n<meta name=\"twitter:label1\" content=\"Est. reading time\" \/>\n\t<meta name=\"twitter:data1\" content=\"1 minute\" \/>\n<script type=\"application\/ld+json\" class=\"yoast-schema-graph\">{\"@context\":\"https:\/\/schema.org\",\"@graph\":[{\"@type\":\"WebPage\",\"@id\":\"https:\/\/gloocal.com.tr\/urun\/mono-beyaz-profiterollu\/\",\"url\":\"https:\/\/gloocal.com.tr\/urun\/mono-beyaz-profiterollu\/\",\"name\":\"Beyaz Profiteroll\u00fc Mono Pasta - Gloocal Foods\",\"isPartOf\":{\"@id\":\"https:\/\/gloocal.com.tr\/en\/#website\"},\"primaryImageOfPage\":{\"@id\":\"https:\/\/gloocal.com.tr\/urun\/mono-beyaz-profiterollu\/#primaryimage\"},\"image\":{\"@id\":\"https:\/\/gloocal.com.tr\/urun\/mono-beyaz-profiterollu\/#primaryimage\"},\"thumbnailUrl\":\"https:\/\/gloocal.com.tr\/wp-content\/uploads\/2025\/02\/Mono-Beyaz-Profiterollu-bgchange.jpg\",\"datePublished\":\"2025-02-17T23:44:50+00:00\",\"dateModified\":\"2025-02-21T14:30:07+00:00\",\"breadcrumb\":{\"@id\":\"https:\/\/gloocal.com.tr\/urun\/mono-beyaz-profiterollu\/#breadcrumb\"},\"inLanguage\":\"en-US\",\"potentialAction\":[{\"@type\":\"ReadAction\",\"target\":[\"https:\/\/gloocal.com.tr\/urun\/mono-beyaz-profiterollu\/\"]}]},{\"@type\":\"ImageObject\",\"inLanguage\":\"en-US\",\"@id\":\"https:\/\/gloocal.com.tr\/urun\/mono-beyaz-profiterollu\/#primaryimage\",\"url\":\"https:\/\/gloocal.com.tr\/wp-content\/uploads\/2025\/02\/Mono-Beyaz-Profiterollu-bgchange.jpg\",\"contentUrl\":\"https:\/\/gloocal.com.tr\/wp-content\/uploads\/2025\/02\/Mono-Beyaz-Profiterollu-bgchange.jpg\",\"width\":1200,\"height\":900},{\"@type\":\"BreadcrumbList\",\"@id\":\"https:\/\/gloocal.com.tr\/urun\/mono-beyaz-profiterollu\/#breadcrumb\",\"itemListElement\":[{\"@type\":\"ListItem\",\"position\":1,\"name\":\"Anasayfa\",\"item\":\"https:\/\/gloocal.com.tr\/en\/\"},{\"@type\":\"ListItem\",\"position\":2,\"name\":\"Products\",\"item\":\"https:\/\/gloocal.com.tr\/en\/shop\/\"},{\"@type\":\"ListItem\",\"position\":3,\"name\":\"Beyaz Profiteroll\u00fc Mono Pasta\"}]},{\"@type\":\"WebSite\",\"@id\":\"https:\/\/gloocal.com.tr\/en\/#website\",\"url\":\"https:\/\/gloocal.com.tr\/en\/\",\"name\":\"Gloocal Foods\",\"description\":\"Dondurulmu\u015f G\u0131da\",\"potentialAction\":[{\"@type\":\"SearchAction\",\"target\":{\"@type\":\"EntryPoint\",\"urlTemplate\":\"https:\/\/gloocal.com.tr\/en\/?s={search_term_string}\"},\"query-input\":{\"@type\":\"PropertyValueSpecification\",\"valueRequired\":true,\"valueName\":\"search_term_string\"}}],\"inLanguage\":\"en-US\"}]}<\/script>\n<!-- \/ Yoast SEO plugin. -->","yoast_head_json":{"title":"Beyaz Profiteroll\u00fc Mono Pasta - Gloocal Foods","robots":{"index":"index","follow":"follow","max-snippet":"max-snippet:-1","max-image-preview":"max-image-preview:large","max-video-preview":"max-video-preview:-1"},"canonical":"https:\/\/gloocal.com.tr\/en\/product\/mono-beyaz-profiterollu\/","og_locale":"en_US","og_type":"article","og_title":"Beyaz Profiteroll\u00fc Mono Pasta - Gloocal Foods","og_description":"Yumu\u015fac\u0131k profiterol toplar\u0131n\u0131n beyaz \u00e7ikolata ile bulu\u015ftu\u011fu, her lokmada tatl\u0131 bir \u015f\u00f6len sunan enfes bir lezzet!","og_url":"https:\/\/gloocal.com.tr\/en\/product\/mono-beyaz-profiterollu\/","og_site_name":"Gloocal Foods","article_modified_time":"2025-02-21T14:30:07+00:00","og_image":[{"width":1200,"height":900,"url":"https:\/\/gloocal.com.tr\/wp-content\/uploads\/2025\/02\/Mono-Beyaz-Profiterollu-bgchange.jpg","type":"image\/jpeg"}],"twitter_card":"summary_large_image","twitter_misc":{"Est. reading time":"1 minute"},"schema":{"@context":"https:\/\/schema.org","@graph":[{"@type":"WebPage","@id":"https:\/\/gloocal.com.tr\/urun\/mono-beyaz-profiterollu\/","url":"https:\/\/gloocal.com.tr\/urun\/mono-beyaz-profiterollu\/","name":"Beyaz Profiteroll\u00fc Mono Pasta - Gloocal Foods","isPartOf":{"@id":"https:\/\/gloocal.com.tr\/en\/#website"},"primaryImageOfPage":{"@id":"https:\/\/gloocal.com.tr\/urun\/mono-beyaz-profiterollu\/#primaryimage"},"image":{"@id":"https:\/\/gloocal.com.tr\/urun\/mono-beyaz-profiterollu\/#primaryimage"},"thumbnailUrl":"https:\/\/gloocal.com.tr\/wp-content\/uploads\/2025\/02\/Mono-Beyaz-Profiterollu-bgchange.jpg","datePublished":"2025-02-17T23:44:50+00:00","dateModified":"2025-02-21T14:30:07+00:00","breadcrumb":{"@id":"https:\/\/gloocal.com.tr\/urun\/mono-beyaz-profiterollu\/#breadcrumb"},"inLanguage":"en-US","potentialAction":[{"@type":"ReadAction","target":["https:\/\/gloocal.com.tr\/urun\/mono-beyaz-profiterollu\/"]}]},{"@type":"ImageObject","inLanguage":"en-US","@id":"https:\/\/gloocal.com.tr\/urun\/mono-beyaz-profiterollu\/#primaryimage","url":"https:\/\/gloocal.com.tr\/wp-content\/uploads\/2025\/02\/Mono-Beyaz-Profiterollu-bgchange.jpg","contentUrl":"https:\/\/gloocal.com.tr\/wp-content\/uploads\/2025\/02\/Mono-Beyaz-Profiterollu-bgchange.jpg","width":1200,"height":900},{"@type":"BreadcrumbList","@id":"https:\/\/gloocal.com.tr\/urun\/mono-beyaz-profiterollu\/#breadcrumb","itemListElement":[{"@type":"ListItem","position":1,"name":"Anasayfa","item":"https:\/\/gloocal.com.tr\/en\/"},{"@type":"ListItem","position":2,"name":"Products","item":"https:\/\/gloocal.com.tr\/en\/shop\/"},{"@type":"ListItem","position":3,"name":"Beyaz Profiteroll\u00fc Mono Pasta"}]},{"@type":"WebSite","@id":"https:\/\/gloocal.com.tr\/en\/#website","url":"https:\/\/gloocal.com.tr\/en\/","name":"Gloocal Foods","description":"Dondurulmu\u015f G\u0131da","potentialAction":[{"@type":"SearchAction","target":{"@type":"EntryPoint","urlTemplate":"https:\/\/gloocal.com.tr\/en\/?s={search_term_string}"},"query-input":{"@type":"PropertyValueSpecification","valueRequired":true,"valueName":"search_term_string"}}],"inLanguage":"en-US"}]}},"_links":{"self":[{"href":"http:\/\/gloocal.com.tr\/en\/wp-json\/wp\/v2\/product\/1371","targetHints":{"allow":["GET"]}}],"collection":[{"href":"http:\/\/gloocal.com.tr\/en\/wp-json\/wp\/v2\/product"}],"about":[{"href":"http:\/\/gloocal.com.tr\/en\/wp-json\/wp\/v2\/types\/product"}],"wp:featuredmedia":[{"embeddable":true,"href":"http:\/\/gloocal.com.tr\/en\/wp-json\/wp\/v2\/media\/1373"}],"wp:attachment":[{"href":"http:\/\/gloocal.com.tr\/en\/wp-json\/wp\/v2\/media?parent=1371"}],"wp:term":[{"taxonomy":"product_brand","embeddable":true,"href":"http:\/\/gloocal.com.tr\/en\/wp-json\/wp\/v2\/product_brand?post=1371"},{"taxonomy":"product_cat","embeddable":true,"href":"http:\/\/gloocal.com.tr\/en\/wp-json\/wp\/v2\/product_cat?post=1371"},{"taxonomy":"product_tag","embeddable":true,"href":"http:\/\/gloocal.com.tr\/en\/wp-json\/wp\/v2\/product_tag?post=1371"}],"curies":[{"name":"wp","href":"https:\/\/api.w.org\/{rel}","templated":true}]}}