{"id":1466,"date":"2025-02-21T06:39:47","date_gmt":"2025-02-21T06:39:47","guid":{"rendered":"https:\/\/gloocal.com.tr\/?post_type=product&#038;p=1466"},"modified":"2025-02-21T06:41:25","modified_gmt":"2025-02-21T06:41:25","slug":"isvec-bademli-almond-pasta","status":"publish","type":"product","link":"http:\/\/gloocal.com.tr\/en\/product\/isvec-bademli-almond-pasta\/","title":{"rendered":"\u0130sve\u00e7 Bademli Almond Pasta"},"content":{"rendered":"<p>You can elevate the flavor of your cheesecake or cake by serving it on an elegant plate, accompanied by fruit sauce, fresh fruits, crunchy hazelnuts or almonds, ice cream or whipped cream, along with a cup of coffee or tea.<\/p>\n\n<div class=\"\u00dcr\u00fcn De\u011ferleri\">\n<table class=\"urun-degerler-table\">\n<thead>\n<tr>\n<th class=\"tooltip\" title=\"Diameter\">Piece in the Box<\/th>\n<th class=\"tooltip\" title=\"A\u011f\u0131rl\u0131k\">Weight<\/th>\n<th class=\"tooltip\" title=\"Koli \u0130\u00e7i\">Inside the box<\/th>\n<th class=\"tooltip\" title=\"code\">storage condition<\/th>\n<th class=\"tooltip\" title=\"code\">storage life<\/th>\n<th class=\"tooltip\" title=\"code\">code<\/th>\n<\/tr>\n<\/thead>\n<tbody>\n<tr>\n<td>12 adet<\/td>\n<td>1000 gr<\/td>\n<td>12<\/td>\n<td>-18 \u00b0C<\/td>\n<td>1 Y\u0131l<\/td>\n<td>MY016<\/td>\n<\/tr>\n<\/tbody>\n<\/table>\n<p><!-- \/.size-guide-table --><\/p>\n<\/div>\n<p><!-- \/.size-guide --><\/p>\n<p><small>Bu \u00fcr\u00fcn de\u011ferleri \u0130sve\u00e7 Bademli Almond pasta i\u00e7in ge\u00e7erlidir.<\/small><br \/>","protected":false},"excerpt":{"rendered":"<p>\u0130sve\u00e7 bademli almond pasta, ince badem katmanlar\u0131 ve zengin lezzetiyle tatl\u0131 severler i\u00e7in zarif bir lezzet deneyimi sunuyor.<\/p>","protected":false},"featured_media":1468,"template":"","meta":[],"product_brand":[],"product_cat":[90],"product_tag":[106,97,96,99],"class_list":{"0":"post-1466","1":"product","2":"type-product","3":"status-publish","4":"has-post-thumbnail","6":"product_cat-pastalar-tatlilar","7":"product_tag-cheesecake","8":"product_tag-donuk","9":"product_tag-frozen","10":"product_tag-pasta","12":"first","13":"instock","14":"shipping-taxable","15":"product-type-external"},"yoast_head":"<!-- This site is optimized with the Yoast SEO plugin v23.9 - https:\/\/yoast.com\/wordpress\/plugins\/seo\/ -->\n<title>\u0130sve\u00e7 Bademli Almond Pasta - Gloocal Foods<\/title>\n<meta name=\"robots\" content=\"index, follow, max-snippet:-1, max-image-preview:large, max-video-preview:-1\" \/>\n<link rel=\"canonical\" href=\"https:\/\/gloocal.com.tr\/en\/product\/isvec-bademli-almond-pasta\/\" \/>\n<meta property=\"og:locale\" content=\"en_US\" \/>\n<meta property=\"og:type\" content=\"article\" \/>\n<meta property=\"og:title\" content=\"\u0130sve\u00e7 Bademli Almond Pasta - Gloocal Foods\" \/>\n<meta property=\"og:description\" content=\"\u0130sve\u00e7 bademli almond pasta, ince badem katmanlar\u0131 ve zengin lezzetiyle tatl\u0131 severler i\u00e7in zarif bir lezzet deneyimi sunuyor.\" \/>\n<meta property=\"og:url\" content=\"https:\/\/gloocal.com.tr\/en\/product\/isvec-bademli-almond-pasta\/\" \/>\n<meta property=\"og:site_name\" content=\"Gloocal Foods\" \/>\n<meta property=\"article:modified_time\" content=\"2025-02-21T06:41:25+00:00\" \/>\n<meta property=\"og:image\" content=\"https:\/\/gloocal.com.tr\/wp-content\/uploads\/2025\/02\/Isvec-Bademli-Almond-bgchange.jpg\" \/>\n\t<meta property=\"og:image:width\" content=\"1200\" \/>\n\t<meta property=\"og:image:height\" content=\"900\" \/>\n\t<meta property=\"og:image:type\" content=\"image\/jpeg\" \/>\n<meta name=\"twitter:card\" content=\"summary_large_image\" \/>\n<meta name=\"twitter:label1\" content=\"Est. reading time\" \/>\n\t<meta name=\"twitter:data1\" content=\"1 minute\" \/>\n<script type=\"application\/ld+json\" class=\"yoast-schema-graph\">{\"@context\":\"https:\/\/schema.org\",\"@graph\":[{\"@type\":\"WebPage\",\"@id\":\"https:\/\/gloocal.com.tr\/urun\/isvec-bademli-almond-pasta\/\",\"url\":\"https:\/\/gloocal.com.tr\/urun\/isvec-bademli-almond-pasta\/\",\"name\":\"\u0130sve\u00e7 Bademli Almond Pasta - Gloocal Foods\",\"isPartOf\":{\"@id\":\"https:\/\/gloocal.com.tr\/en\/#website\"},\"primaryImageOfPage\":{\"@id\":\"https:\/\/gloocal.com.tr\/urun\/isvec-bademli-almond-pasta\/#primaryimage\"},\"image\":{\"@id\":\"https:\/\/gloocal.com.tr\/urun\/isvec-bademli-almond-pasta\/#primaryimage\"},\"thumbnailUrl\":\"https:\/\/gloocal.com.tr\/wp-content\/uploads\/2025\/02\/Isvec-Bademli-Almond-bgchange.jpg\",\"datePublished\":\"2025-02-21T06:39:47+00:00\",\"dateModified\":\"2025-02-21T06:41:25+00:00\",\"breadcrumb\":{\"@id\":\"https:\/\/gloocal.com.tr\/urun\/isvec-bademli-almond-pasta\/#breadcrumb\"},\"inLanguage\":\"en-US\",\"potentialAction\":[{\"@type\":\"ReadAction\",\"target\":[\"https:\/\/gloocal.com.tr\/urun\/isvec-bademli-almond-pasta\/\"]}]},{\"@type\":\"ImageObject\",\"inLanguage\":\"en-US\",\"@id\":\"https:\/\/gloocal.com.tr\/urun\/isvec-bademli-almond-pasta\/#primaryimage\",\"url\":\"https:\/\/gloocal.com.tr\/wp-content\/uploads\/2025\/02\/Isvec-Bademli-Almond-bgchange.jpg\",\"contentUrl\":\"https:\/\/gloocal.com.tr\/wp-content\/uploads\/2025\/02\/Isvec-Bademli-Almond-bgchange.jpg\",\"width\":1200,\"height\":900},{\"@type\":\"BreadcrumbList\",\"@id\":\"https:\/\/gloocal.com.tr\/urun\/isvec-bademli-almond-pasta\/#breadcrumb\",\"itemListElement\":[{\"@type\":\"ListItem\",\"position\":1,\"name\":\"Anasayfa\",\"item\":\"https:\/\/gloocal.com.tr\/en\/\"},{\"@type\":\"ListItem\",\"position\":2,\"name\":\"Products\",\"item\":\"https:\/\/gloocal.com.tr\/en\/shop\/\"},{\"@type\":\"ListItem\",\"position\":3,\"name\":\"\u0130sve\u00e7 Bademli Almond Pasta\"}]},{\"@type\":\"WebSite\",\"@id\":\"https:\/\/gloocal.com.tr\/en\/#website\",\"url\":\"https:\/\/gloocal.com.tr\/en\/\",\"name\":\"Gloocal Foods\",\"description\":\"Dondurulmu\u015f G\u0131da\",\"potentialAction\":[{\"@type\":\"SearchAction\",\"target\":{\"@type\":\"EntryPoint\",\"urlTemplate\":\"https:\/\/gloocal.com.tr\/en\/?s={search_term_string}\"},\"query-input\":{\"@type\":\"PropertyValueSpecification\",\"valueRequired\":true,\"valueName\":\"search_term_string\"}}],\"inLanguage\":\"en-US\"}]}<\/script>\n<!-- \/ Yoast SEO plugin. -->","yoast_head_json":{"title":"\u0130sve\u00e7 Bademli Almond Pasta - Gloocal Foods","robots":{"index":"index","follow":"follow","max-snippet":"max-snippet:-1","max-image-preview":"max-image-preview:large","max-video-preview":"max-video-preview:-1"},"canonical":"https:\/\/gloocal.com.tr\/en\/product\/isvec-bademli-almond-pasta\/","og_locale":"en_US","og_type":"article","og_title":"\u0130sve\u00e7 Bademli Almond Pasta - Gloocal Foods","og_description":"\u0130sve\u00e7 bademli almond pasta, ince badem katmanlar\u0131 ve zengin lezzetiyle tatl\u0131 severler i\u00e7in zarif bir lezzet deneyimi sunuyor.","og_url":"https:\/\/gloocal.com.tr\/en\/product\/isvec-bademli-almond-pasta\/","og_site_name":"Gloocal Foods","article_modified_time":"2025-02-21T06:41:25+00:00","og_image":[{"width":1200,"height":900,"url":"https:\/\/gloocal.com.tr\/wp-content\/uploads\/2025\/02\/Isvec-Bademli-Almond-bgchange.jpg","type":"image\/jpeg"}],"twitter_card":"summary_large_image","twitter_misc":{"Est. reading time":"1 minute"},"schema":{"@context":"https:\/\/schema.org","@graph":[{"@type":"WebPage","@id":"https:\/\/gloocal.com.tr\/urun\/isvec-bademli-almond-pasta\/","url":"https:\/\/gloocal.com.tr\/urun\/isvec-bademli-almond-pasta\/","name":"\u0130sve\u00e7 Bademli Almond Pasta - Gloocal Foods","isPartOf":{"@id":"https:\/\/gloocal.com.tr\/en\/#website"},"primaryImageOfPage":{"@id":"https:\/\/gloocal.com.tr\/urun\/isvec-bademli-almond-pasta\/#primaryimage"},"image":{"@id":"https:\/\/gloocal.com.tr\/urun\/isvec-bademli-almond-pasta\/#primaryimage"},"thumbnailUrl":"https:\/\/gloocal.com.tr\/wp-content\/uploads\/2025\/02\/Isvec-Bademli-Almond-bgchange.jpg","datePublished":"2025-02-21T06:39:47+00:00","dateModified":"2025-02-21T06:41:25+00:00","breadcrumb":{"@id":"https:\/\/gloocal.com.tr\/urun\/isvec-bademli-almond-pasta\/#breadcrumb"},"inLanguage":"en-US","potentialAction":[{"@type":"ReadAction","target":["https:\/\/gloocal.com.tr\/urun\/isvec-bademli-almond-pasta\/"]}]},{"@type":"ImageObject","inLanguage":"en-US","@id":"https:\/\/gloocal.com.tr\/urun\/isvec-bademli-almond-pasta\/#primaryimage","url":"https:\/\/gloocal.com.tr\/wp-content\/uploads\/2025\/02\/Isvec-Bademli-Almond-bgchange.jpg","contentUrl":"https:\/\/gloocal.com.tr\/wp-content\/uploads\/2025\/02\/Isvec-Bademli-Almond-bgchange.jpg","width":1200,"height":900},{"@type":"BreadcrumbList","@id":"https:\/\/gloocal.com.tr\/urun\/isvec-bademli-almond-pasta\/#breadcrumb","itemListElement":[{"@type":"ListItem","position":1,"name":"Anasayfa","item":"https:\/\/gloocal.com.tr\/en\/"},{"@type":"ListItem","position":2,"name":"Products","item":"https:\/\/gloocal.com.tr\/en\/shop\/"},{"@type":"ListItem","position":3,"name":"\u0130sve\u00e7 Bademli Almond Pasta"}]},{"@type":"WebSite","@id":"https:\/\/gloocal.com.tr\/en\/#website","url":"https:\/\/gloocal.com.tr\/en\/","name":"Gloocal Foods","description":"Dondurulmu\u015f G\u0131da","potentialAction":[{"@type":"SearchAction","target":{"@type":"EntryPoint","urlTemplate":"https:\/\/gloocal.com.tr\/en\/?s={search_term_string}"},"query-input":{"@type":"PropertyValueSpecification","valueRequired":true,"valueName":"search_term_string"}}],"inLanguage":"en-US"}]}},"_links":{"self":[{"href":"http:\/\/gloocal.com.tr\/en\/wp-json\/wp\/v2\/product\/1466","targetHints":{"allow":["GET"]}}],"collection":[{"href":"http:\/\/gloocal.com.tr\/en\/wp-json\/wp\/v2\/product"}],"about":[{"href":"http:\/\/gloocal.com.tr\/en\/wp-json\/wp\/v2\/types\/product"}],"wp:featuredmedia":[{"embeddable":true,"href":"http:\/\/gloocal.com.tr\/en\/wp-json\/wp\/v2\/media\/1468"}],"wp:attachment":[{"href":"http:\/\/gloocal.com.tr\/en\/wp-json\/wp\/v2\/media?parent=1466"}],"wp:term":[{"taxonomy":"product_brand","embeddable":true,"href":"http:\/\/gloocal.com.tr\/en\/wp-json\/wp\/v2\/product_brand?post=1466"},{"taxonomy":"product_cat","embeddable":true,"href":"http:\/\/gloocal.com.tr\/en\/wp-json\/wp\/v2\/product_cat?post=1466"},{"taxonomy":"product_tag","embeddable":true,"href":"http:\/\/gloocal.com.tr\/en\/wp-json\/wp\/v2\/product_tag?post=1466"}],"curies":[{"name":"wp","href":"https:\/\/api.w.org\/{rel}","templated":true}]}}